{"id":4516,"date":"2024-12-16T14:51:27","date_gmt":"2024-12-16T14:51:27","guid":{"rendered":"https:\/\/european-healingcenter.com\/?page_id=4516"},"modified":"2024-12-16T15:08:22","modified_gmt":"2024-12-16T15:08:22","slug":"programas-de-sanacion-holistica","status":"publish","type":"page","link":"https:\/\/european-healingcenter.com\/en\/programas-de-sanacion-holistica\/","title":{"rendered":"Holistic Healing Programmes"},"content":{"rendered":"<div data-elementor-type=\"wp-page\" data-elementor-id=\"4516\" class=\"elementor elementor-4516\" data-elementor-post-type=\"page\">\n\t\t\t\t\t\t<section data-marvy_enable_drop_animation=\"false\" data-marvy_enable_fancy_rotate=\"false\" data-marvy_enable_flying_object=\"false\" data-marvy_enable_ripples_animation=\"false\" data-marvy_enable_waves_animation=\"false\" data-marvy_enable_rings_animation=\"false\" data-marvy_enable_topology_animation=\"false\" data-marvy_enable_gradient_animation=\"false\" data-marvy_enable_snow_animation=\"false\" data-marvy_enable_firework_animation=\"false\" data-marvy_enable_cloud_animation=\"false\" class=\"elementor-section elementor-top-section elementor-element elementor-element-9cb9b79 elementor-section-boxed elementor-section-height-default elementor-section-height-default jltma-glass-effect-no\" data-id=\"9cb9b79\" data-element_type=\"section\" data-e-type=\"section\" data-settings=\"{&quot;background_background&quot;:&quot;slideshow&quot;,&quot;background_slideshow_gallery&quot;:[{&quot;id&quot;:4536,&quot;url&quot;:&quot;https:\\\/\\\/european-healingcenter.com\\\/wp-content\\\/uploads\\\/2024\\\/12\\\/morning-meditation-with-mountain-view-scaled.jpg&quot;}],&quot;background_slideshow_loop&quot;:&quot;yes&quot;,&quot;background_slideshow_slide_duration&quot;:5000,&quot;background_slideshow_slide_transition&quot;:&quot;fade&quot;,&quot;background_slideshow_transition_duration&quot;:500}\">\n\t\t\t\t\t\t\t<div class=\"elementor-background-overlay\"><\/div>\n\t\t\t\t\t\t\t<div class=\"elementor-container elementor-column-gap-default\">\n\t\t\t\t\t<div class=\"elementor-column elementor-col-100 elementor-top-column elementor-element elementor-element-3fc8f16 jltma-glass-effect-no\" data-id=\"3fc8f16\" data-element_type=\"column\" data-e-type=\"column\">\n\t\t\t<div class=\"elementor-widget-wrap elementor-element-populated\">\n\t\t\t\t\t\t<div class=\"elementor-element elementor-element-5a20ef8 jltma-glass-effect-no elementor-widget elementor-widget-spacer\" data-id=\"5a20ef8\" data-element_type=\"widget\" data-e-type=\"widget\" data-widget_type=\"spacer.default\">\n\t\t\t\t<div class=\"elementor-widget-container\">\n\t\t\t\t\t\t\t<div class=\"elementor-spacer\">\n\t\t\t<div class=\"elementor-spacer-inner\"><\/div>\n\t\t<\/div>\n\t\t\t\t\t\t<\/div>\n\t\t\t\t<\/div>\n\t\t\t\t<section data-marvy_enable_drop_animation=\"false\" data-marvy_enable_fancy_rotate=\"false\" data-marvy_enable_flying_object=\"false\" data-marvy_enable_ripples_animation=\"false\" data-marvy_enable_waves_animation=\"false\" data-marvy_enable_rings_animation=\"false\" data-marvy_enable_topology_animation=\"false\" data-marvy_enable_gradient_animation=\"false\" data-marvy_enable_snow_animation=\"false\" data-marvy_enable_firework_animation=\"false\" data-marvy_enable_cloud_animation=\"false\" class=\"elementor-section elementor-inner-section elementor-element elementor-element-ee9f4b4 elementor-section-boxed elementor-section-height-default elementor-section-height-default jltma-glass-effect-no\" data-id=\"ee9f4b4\" data-element_type=\"section\" data-e-type=\"section\">\n\t\t\t\t\t\t<div class=\"elementor-container elementor-column-gap-default\">\n\t\t\t\t\t<div class=\"elementor-column elementor-col-100 elementor-inner-column elementor-element elementor-element-a83d763 jltma-glass-effect-no\" data-id=\"a83d763\" data-element_type=\"column\" data-e-type=\"column\">\n\t\t\t<div class=\"elementor-widget-wrap elementor-element-populated\">\n\t\t\t\t\t\t<div class=\"elementor-element elementor-element-f4a1ceb jltma-glass-effect-no elementor-widget elementor-widget-spacer\" data-id=\"f4a1ceb\" data-element_type=\"widget\" data-e-type=\"widget\" data-widget_type=\"spacer.default\">\n\t\t\t\t<div class=\"elementor-widget-container\">\n\t\t\t\t\t\t\t<div class=\"elementor-spacer\">\n\t\t\t<div class=\"elementor-spacer-inner\"><\/div>\n\t\t<\/div>\n\t\t\t\t\t\t<\/div>\n\t\t\t\t<\/div>\n\t\t\t\t<div class=\"elementor-element elementor-element-9119cf6 jltma-glass-effect-no elementor-widget elementor-widget-heading\" data-id=\"9119cf6\" data-element_type=\"widget\" data-e-type=\"widget\" data-widget_type=\"heading.default\">\n\t\t\t\t<div class=\"elementor-widget-container\">\n\t\t\t\t\t<h2 class=\"elementor-heading-title elementor-size-default\">Holistic Healing Programmes<\/h2>\t\t\t\t<\/div>\n\t\t\t\t<\/div>\n\t\t\t\t<div class=\"elementor-element elementor-element-5e0fb1a jltma-glass-effect-no elementor-widget elementor-widget-spacer\" data-id=\"5e0fb1a\" data-element_type=\"widget\" data-e-type=\"widget\" data-widget_type=\"spacer.default\">\n\t\t\t\t<div class=\"elementor-widget-container\">\n\t\t\t\t\t\t\t<div class=\"elementor-spacer\">\n\t\t\t<div class=\"elementor-spacer-inner\"><\/div>\n\t\t<\/div>\n\t\t\t\t\t\t<\/div>\n\t\t\t\t<\/div>\n\t\t\t\t\t<\/div>\n\t\t<\/div>\n\t\t\t\t\t<\/div>\n\t\t<\/section>\n\t\t\t\t\t<\/div>\n\t\t<\/div>\n\t\t\t\t\t<\/div>\n\t\t<\/section>\n\t\t\t\t<section data-marvy_enable_drop_animation=\"false\" data-marvy_enable_fancy_rotate=\"false\" data-marvy_enable_flying_object=\"false\" data-marvy_enable_ripples_animation=\"false\" data-marvy_enable_waves_animation=\"false\" data-marvy_enable_rings_animation=\"false\" data-marvy_enable_topology_animation=\"false\" data-marvy_enable_gradient_animation=\"false\" data-marvy_enable_snow_animation=\"false\" data-marvy_enable_firework_animation=\"false\" data-marvy_enable_cloud_animation=\"false\" class=\"elementor-section elementor-top-section elementor-element elementor-element-ed96927 elementor-section-boxed elementor-section-height-default elementor-section-height-default jltma-glass-effect-no\" data-id=\"ed96927\" data-element_type=\"section\" data-e-type=\"section\" data-settings=\"{&quot;background_background&quot;:&quot;classic&quot;}\">\n\t\t\t\t\t\t<div class=\"elementor-container elementor-column-gap-default\">\n\t\t\t\t\t<div class=\"elementor-column elementor-col-100 elementor-top-column elementor-element elementor-element-4ab66be jltma-glass-effect-no\" data-id=\"4ab66be\" data-element_type=\"column\" data-e-type=\"column\">\n\t\t\t<div class=\"elementor-widget-wrap elementor-element-populated\">\n\t\t\t\t\t\t<div class=\"elementor-element elementor-element-d7e685f jltma-glass-effect-no elementor-widget elementor-widget-spacer\" data-id=\"d7e685f\" data-element_type=\"widget\" data-e-type=\"widget\" data-widget_type=\"spacer.default\">\n\t\t\t\t<div class=\"elementor-widget-container\">\n\t\t\t\t\t\t\t<div class=\"elementor-spacer\">\n\t\t\t<div class=\"elementor-spacer-inner\"><\/div>\n\t\t<\/div>\n\t\t\t\t\t\t<\/div>\n\t\t\t\t<\/div>\n\t\t\t\t<div class=\"elementor-element elementor-element-cff1d50 jltma-glass-effect-no elementor-widget elementor-widget-text-editor\" data-id=\"cff1d50\" data-element_type=\"widget\" data-e-type=\"widget\" data-widget_type=\"text-editor.default\">\n\t\t\t\t<div class=\"elementor-widget-container\">\n\t\t\t\t\t\t\t\t\t<p>Incorporating healthy habits into daily life is essential to improve physical, mental and emotional health. By achieving harmony between mind and body, one experiences a holistic wellbeing that leads to a fuller and happier life.<\/p><p>This space offers workshops focused on movement and consciousness, such as the practice of Yoga, Meditation and Mindfulness. It also promotes healthy eating, connection and harmonisation through therapeutic sounds and dances, as well as learning transmitted by teachers, mentors and guides on the path of awakening consciousness and inner healing.<\/p>\t\t\t\t\t\t\t\t<\/div>\n\t\t\t\t<\/div>\n\t\t\t\t\t<\/div>\n\t\t<\/div>\n\t\t\t\t\t<\/div>\n\t\t<\/section>\n\t\t\t\t<section data-marvy_enable_drop_animation=\"false\" data-marvy_enable_fancy_rotate=\"false\" data-marvy_enable_flying_object=\"false\" data-marvy_enable_ripples_animation=\"false\" data-marvy_enable_waves_animation=\"false\" data-marvy_enable_rings_animation=\"false\" data-marvy_enable_topology_animation=\"false\" data-marvy_enable_gradient_animation=\"false\" data-marvy_enable_snow_animation=\"false\" data-marvy_enable_firework_animation=\"false\" data-marvy_enable_cloud_animation=\"false\" class=\"elementor-section elementor-top-section elementor-element elementor-element-5191ec2 elementor-section-boxed elementor-section-height-default elementor-section-height-default jltma-glass-effect-no\" data-id=\"5191ec2\" data-element_type=\"section\" data-e-type=\"section\" data-settings=\"{&quot;background_background&quot;:&quot;classic&quot;}\">\n\t\t\t\t\t\t<div class=\"elementor-container elementor-column-gap-default\">\n\t\t\t\t\t<div class=\"elementor-column elementor-col-100 elementor-top-column elementor-element elementor-element-b4bdd59 jltma-glass-effect-no\" data-id=\"b4bdd59\" data-element_type=\"column\" data-e-type=\"column\">\n\t\t\t<div class=\"elementor-widget-wrap elementor-element-populated\">\n\t\t\t\t\t\t<section data-marvy_enable_drop_animation=\"false\" data-marvy_enable_fancy_rotate=\"false\" data-marvy_enable_flying_object=\"false\" data-marvy_enable_ripples_animation=\"false\" data-marvy_enable_waves_animation=\"false\" data-marvy_enable_rings_animation=\"false\" data-marvy_enable_topology_animation=\"false\" data-marvy_enable_gradient_animation=\"false\" data-marvy_enable_snow_animation=\"false\" data-marvy_enable_firework_animation=\"false\" data-marvy_enable_cloud_animation=\"false\" class=\"elementor-section elementor-inner-section elementor-element elementor-element-0f98c6e elementor-section-boxed elementor-section-height-default elementor-section-height-default jltma-glass-effect-no\" data-id=\"0f98c6e\" data-element_type=\"section\" data-e-type=\"section\">\n\t\t\t\t\t\t<div class=\"elementor-container elementor-column-gap-default\">\n\t\t\t\t\t<div class=\"elementor-column elementor-col-50 elementor-inner-column elementor-element elementor-element-3546af8 jltma-glass-effect-no\" data-id=\"3546af8\" data-element_type=\"column\" data-e-type=\"column\">\n\t\t\t<div class=\"elementor-widget-wrap elementor-element-populated\">\n\t\t\t\t\t\t<div class=\"elementor-element elementor-element-dafa004 jltma-glass-effect-no elementor-widget elementor-widget-image\" data-id=\"dafa004\" data-element_type=\"widget\" data-e-type=\"widget\" data-widget_type=\"image.default\">\n\t\t\t\t<div class=\"elementor-widget-container\">\n\t\t\t\t\t\t\t\t\t\t\t\t\t\t\t<img fetchpriority=\"high\" decoding=\"async\" width=\"900\" height=\"500\" src=\"https:\/\/european-healingcenter.com\/wp-content\/uploads\/2024\/12\/09.jpg\" class=\"attachment-large size-large wp-image-4529\" alt=\"\" srcset=\"https:\/\/european-healingcenter.com\/wp-content\/uploads\/2024\/12\/09.jpg 900w, https:\/\/european-healingcenter.com\/wp-content\/uploads\/2024\/12\/09-300x167.jpg 300w, https:\/\/european-healingcenter.com\/wp-content\/uploads\/2024\/12\/09-768x427.jpg 768w, https:\/\/european-healingcenter.com\/wp-content\/uploads\/2024\/12\/09-18x10.jpg 18w, https:\/\/european-healingcenter.com\/wp-content\/uploads\/2024\/12\/09-650x361.jpg 650w\" sizes=\"(max-width: 900px) 100vw, 900px\" \/>\t\t\t\t\t\t\t\t\t\t\t\t\t\t\t<\/div>\n\t\t\t\t<\/div>\n\t\t\t\t<div class=\"elementor-element elementor-element-a011a41 jltma-glass-effect-no elementor-widget elementor-widget-text-editor\" data-id=\"a011a41\" data-element_type=\"widget\" data-e-type=\"widget\" data-widget_type=\"text-editor.default\">\n\t\t\t\t<div class=\"elementor-widget-container\">\n\t\t\t\t\t\t\t\t\t<h4><strong>Weight control<\/strong><\/h4>\t\t\t\t\t\t\t\t<\/div>\n\t\t\t\t<\/div>\n\t\t\t\t\t<\/div>\n\t\t<\/div>\n\t\t\t\t<div class=\"elementor-column elementor-col-50 elementor-inner-column elementor-element elementor-element-022e83f jltma-glass-effect-no\" data-id=\"022e83f\" data-element_type=\"column\" data-e-type=\"column\">\n\t\t\t<div class=\"elementor-widget-wrap elementor-element-populated\">\n\t\t\t\t\t\t<div class=\"elementor-element elementor-element-b12b6bc jltma-glass-effect-no elementor-widget elementor-widget-image\" data-id=\"b12b6bc\" data-element_type=\"widget\" data-e-type=\"widget\" data-widget_type=\"image.default\">\n\t\t\t\t<div class=\"elementor-widget-container\">\n\t\t\t\t\t\t\t\t\t\t\t\t\t\t\t<img decoding=\"async\" width=\"900\" height=\"500\" src=\"https:\/\/european-healingcenter.com\/wp-content\/uploads\/2024\/12\/091.jpg\" class=\"attachment-large size-large wp-image-4530\" alt=\"\" srcset=\"https:\/\/european-healingcenter.com\/wp-content\/uploads\/2024\/12\/091.jpg 900w, https:\/\/european-healingcenter.com\/wp-content\/uploads\/2024\/12\/091-300x167.jpg 300w, https:\/\/european-healingcenter.com\/wp-content\/uploads\/2024\/12\/091-768x427.jpg 768w, https:\/\/european-healingcenter.com\/wp-content\/uploads\/2024\/12\/091-18x10.jpg 18w, https:\/\/european-healingcenter.com\/wp-content\/uploads\/2024\/12\/091-650x361.jpg 650w\" sizes=\"(max-width: 900px) 100vw, 900px\" \/>\t\t\t\t\t\t\t\t\t\t\t\t\t\t\t<\/div>\n\t\t\t\t<\/div>\n\t\t\t\t<div class=\"elementor-element elementor-element-6847b82 jltma-glass-effect-no elementor-widget elementor-widget-text-editor\" data-id=\"6847b82\" data-element_type=\"widget\" data-e-type=\"widget\" data-widget_type=\"text-editor.default\">\n\t\t\t\t<div class=\"elementor-widget-container\">\n\t\t\t\t\t\t\t\t\t<h4><strong>Stress and anxiety regulation<\/strong><\/h4>\t\t\t\t\t\t\t\t<\/div>\n\t\t\t\t<\/div>\n\t\t\t\t\t<\/div>\n\t\t<\/div>\n\t\t\t\t\t<\/div>\n\t\t<\/section>\n\t\t\t\t<section data-marvy_enable_drop_animation=\"false\" data-marvy_enable_fancy_rotate=\"false\" data-marvy_enable_flying_object=\"false\" data-marvy_enable_ripples_animation=\"false\" data-marvy_enable_waves_animation=\"false\" data-marvy_enable_rings_animation=\"false\" data-marvy_enable_topology_animation=\"false\" data-marvy_enable_gradient_animation=\"false\" data-marvy_enable_snow_animation=\"false\" data-marvy_enable_firework_animation=\"false\" data-marvy_enable_cloud_animation=\"false\" class=\"elementor-section elementor-inner-section elementor-element elementor-element-93092cd elementor-section-boxed elementor-section-height-default elementor-section-height-default jltma-glass-effect-no\" data-id=\"93092cd\" data-element_type=\"section\" data-e-type=\"section\">\n\t\t\t\t\t\t<div class=\"elementor-container elementor-column-gap-default\">\n\t\t\t\t\t<div class=\"elementor-column elementor-col-50 elementor-inner-column elementor-element elementor-element-cfbdd0b jltma-glass-effect-no\" data-id=\"cfbdd0b\" data-element_type=\"column\" data-e-type=\"column\">\n\t\t\t<div class=\"elementor-widget-wrap elementor-element-populated\">\n\t\t\t\t\t\t<div class=\"elementor-element elementor-element-36ffe02 jltma-glass-effect-no elementor-widget elementor-widget-image\" data-id=\"36ffe02\" data-element_type=\"widget\" data-e-type=\"widget\" data-widget_type=\"image.default\">\n\t\t\t\t<div class=\"elementor-widget-container\">\n\t\t\t\t\t\t\t\t\t\t\t\t\t\t\t<img decoding=\"async\" width=\"900\" height=\"500\" src=\"https:\/\/european-healingcenter.com\/wp-content\/uploads\/2024\/12\/092.jpg\" class=\"attachment-large size-large wp-image-4532\" alt=\"\" srcset=\"https:\/\/european-healingcenter.com\/wp-content\/uploads\/2024\/12\/092.jpg 900w, https:\/\/european-healingcenter.com\/wp-content\/uploads\/2024\/12\/092-300x167.jpg 300w, https:\/\/european-healingcenter.com\/wp-content\/uploads\/2024\/12\/092-768x427.jpg 768w, https:\/\/european-healingcenter.com\/wp-content\/uploads\/2024\/12\/092-18x10.jpg 18w, https:\/\/european-healingcenter.com\/wp-content\/uploads\/2024\/12\/092-650x361.jpg 650w\" sizes=\"(max-width: 900px) 100vw, 900px\" \/>\t\t\t\t\t\t\t\t\t\t\t\t\t\t\t<\/div>\n\t\t\t\t<\/div>\n\t\t\t\t<div class=\"elementor-element elementor-element-2ba15b6 jltma-glass-effect-no elementor-widget elementor-widget-text-editor\" data-id=\"2ba15b6\" data-element_type=\"widget\" data-e-type=\"widget\" data-widget_type=\"text-editor.default\">\n\t\t\t\t<div class=\"elementor-widget-container\">\n\t\t\t\t\t\t\t\t\t<h4><strong>Cleansing and Detoxification of the body for recovery<\/strong><\/h4>\t\t\t\t\t\t\t\t<\/div>\n\t\t\t\t<\/div>\n\t\t\t\t\t<\/div>\n\t\t<\/div>\n\t\t\t\t<div class=\"elementor-column elementor-col-50 elementor-inner-column elementor-element elementor-element-0fb34ae jltma-glass-effect-no\" data-id=\"0fb34ae\" data-element_type=\"column\" data-e-type=\"column\">\n\t\t\t<div class=\"elementor-widget-wrap elementor-element-populated\">\n\t\t\t\t\t\t<div class=\"elementor-element elementor-element-56cfe21 jltma-glass-effect-no elementor-widget elementor-widget-image\" data-id=\"56cfe21\" data-element_type=\"widget\" data-e-type=\"widget\" data-widget_type=\"image.default\">\n\t\t\t\t<div class=\"elementor-widget-container\">\n\t\t\t\t\t\t\t\t\t\t\t\t\t\t\t<img loading=\"lazy\" decoding=\"async\" width=\"900\" height=\"500\" src=\"https:\/\/european-healingcenter.com\/wp-content\/uploads\/2024\/12\/093.jpg\" class=\"attachment-large size-large wp-image-4531\" alt=\"\" srcset=\"https:\/\/european-healingcenter.com\/wp-content\/uploads\/2024\/12\/093.jpg 900w, https:\/\/european-healingcenter.com\/wp-content\/uploads\/2024\/12\/093-300x167.jpg 300w, https:\/\/european-healingcenter.com\/wp-content\/uploads\/2024\/12\/093-768x427.jpg 768w, https:\/\/european-healingcenter.com\/wp-content\/uploads\/2024\/12\/093-18x10.jpg 18w, https:\/\/european-healingcenter.com\/wp-content\/uploads\/2024\/12\/093-650x361.jpg 650w\" sizes=\"(max-width: 900px) 100vw, 900px\" \/>\t\t\t\t\t\t\t\t\t\t\t\t\t\t\t<\/div>\n\t\t\t\t<\/div>\n\t\t\t\t<div class=\"elementor-element elementor-element-3d74fe0 jltma-glass-effect-no elementor-widget elementor-widget-text-editor\" data-id=\"3d74fe0\" data-element_type=\"widget\" data-e-type=\"widget\" data-widget_type=\"text-editor.default\">\n\t\t\t\t<div class=\"elementor-widget-container\">\n\t\t\t\t\t\t\t\t\t<h4><strong>Relief of Pain and Suffering Connection and Meditation Techniques<\/strong><\/h4>\t\t\t\t\t\t\t\t<\/div>\n\t\t\t\t<\/div>\n\t\t\t\t\t<\/div>\n\t\t<\/div>\n\t\t\t\t\t<\/div>\n\t\t<\/section>\n\t\t\t\t<div class=\"elementor-element elementor-element-f60fa2b jltma-glass-effect-no elementor-widget elementor-widget-spacer\" data-id=\"f60fa2b\" data-element_type=\"widget\" data-e-type=\"widget\" data-widget_type=\"spacer.default\">\n\t\t\t\t<div class=\"elementor-widget-container\">\n\t\t\t\t\t\t\t<div class=\"elementor-spacer\">\n\t\t\t<div class=\"elementor-spacer-inner\"><\/div>\n\t\t<\/div>\n\t\t\t\t\t\t<\/div>\n\t\t\t\t<\/div>\n\t\t\t\t\t<\/div>\n\t\t<\/div>\n\t\t\t\t\t<\/div>\n\t\t<\/section>\n\t\t\t\t<\/div>","protected":false},"excerpt":{"rendered":"<p>Programas de Sanaci\u00f3n Hol\u00edstica Incorporar h\u00e1bitos saludables en la vida diaria es esencial para mejorar la salud f\u00edsica, mental y emocional. Al [&hellip;]<\/p>","protected":false},"author":3,"featured_media":0,"parent":0,"menu_order":0,"comment_status":"closed","ping_status":"closed","template":"","meta":{"_monsterinsights_skip_tracking":false,"_monsterinsights_sitenote_active":false,"_monsterinsights_sitenote_note":"","_monsterinsights_sitenote_category":0,"footnotes":""},"class_list":["post-4516","page","type-page","status-publish","hentry"],"yoast_head":"<!-- This site is optimized with the Yoast SEO plugin v23.5 - https:\/\/yoast.com\/wordpress\/plugins\/seo\/ -->\n<title>Programas de Sanaci\u00f3n Hol\u00edstica - European Healing Center<\/title>\n<meta name=\"robots\" content=\"noindex, follow, max-snippet:-1, max-image-preview:large, max-video-preview:-1\" \/>\n<meta property=\"og:locale\" content=\"en_US\" \/>\n<meta property=\"og:type\" content=\"article\" \/>\n<meta property=\"og:title\" content=\"Programas de Sanaci\u00f3n Hol\u00edstica - European Healing Center\" \/>\n<meta property=\"og:description\" content=\"Programas de Sanaci\u00f3n Hol\u00edstica Incorporar h\u00e1bitos saludables en la vida diaria es esencial para mejorar la salud f\u00edsica, mental y emocional. Al [&hellip;]\" \/>\n<meta property=\"og:url\" content=\"https:\/\/european-healingcenter.com\/en\/programas-de-sanacion-holistica\/\" \/>\n<meta property=\"og:site_name\" content=\"European Healing Center\" \/>\n<meta property=\"article:modified_time\" content=\"2024-12-16T15:08:22+00:00\" \/>\n<meta property=\"og:image\" content=\"https:\/\/european-healingcenter.com\/wp-content\/uploads\/2024\/12\/09.jpg\" \/>\n<meta name=\"twitter:card\" content=\"summary_large_image\" \/>\n<meta name=\"twitter:label1\" content=\"Est. reading time\" \/>\n\t<meta name=\"twitter:data1\" content=\"2 minutes\" \/>\n<script type=\"application\/ld+json\" class=\"yoast-schema-graph\">{\"@context\":\"https:\/\/schema.org\",\"@graph\":[{\"@type\":\"WebPage\",\"@id\":\"https:\/\/european-healingcenter.com\/programas-de-sanacion-holistica\/\",\"url\":\"https:\/\/european-healingcenter.com\/programas-de-sanacion-holistica\/\",\"name\":\"Programas de Sanaci\u00f3n Hol\u00edstica - European Healing Center\",\"isPartOf\":{\"@id\":\"https:\/\/european-healingcenter.com\/#website\"},\"primaryImageOfPage\":{\"@id\":\"https:\/\/european-healingcenter.com\/programas-de-sanacion-holistica\/#primaryimage\"},\"image\":{\"@id\":\"https:\/\/european-healingcenter.com\/programas-de-sanacion-holistica\/#primaryimage\"},\"thumbnailUrl\":\"https:\/\/european-healingcenter.com\/wp-content\/uploads\/2024\/12\/09.jpg\",\"datePublished\":\"2024-12-16T14:51:27+00:00\",\"dateModified\":\"2024-12-16T15:08:22+00:00\",\"breadcrumb\":{\"@id\":\"https:\/\/european-healingcenter.com\/programas-de-sanacion-holistica\/#breadcrumb\"},\"inLanguage\":\"en-US\",\"potentialAction\":[{\"@type\":\"ReadAction\",\"target\":[\"https:\/\/european-healingcenter.com\/programas-de-sanacion-holistica\/\"]}]},{\"@type\":\"ImageObject\",\"inLanguage\":\"en-US\",\"@id\":\"https:\/\/european-healingcenter.com\/programas-de-sanacion-holistica\/#primaryimage\",\"url\":\"https:\/\/european-healingcenter.com\/wp-content\/uploads\/2024\/12\/09.jpg\",\"contentUrl\":\"https:\/\/european-healingcenter.com\/wp-content\/uploads\/2024\/12\/09.jpg\"},{\"@type\":\"BreadcrumbList\",\"@id\":\"https:\/\/european-healingcenter.com\/programas-de-sanacion-holistica\/#breadcrumb\",\"itemListElement\":[{\"@type\":\"ListItem\",\"position\":1,\"name\":\"Home\",\"item\":\"https:\/\/european-healingcenter.com\/\"},{\"@type\":\"ListItem\",\"position\":2,\"name\":\"Programas de Sanaci\u00f3n Hol\u00edstica\"}]},{\"@type\":\"WebSite\",\"@id\":\"https:\/\/european-healingcenter.com\/#website\",\"url\":\"https:\/\/european-healingcenter.com\/\",\"name\":\"European Healing Center\",\"description\":\"European Healing Center\",\"potentialAction\":[{\"@type\":\"SearchAction\",\"target\":{\"@type\":\"EntryPoint\",\"urlTemplate\":\"https:\/\/european-healingcenter.com\/?s={search_term_string}\"},\"query-input\":{\"@type\":\"PropertyValueSpecification\",\"valueRequired\":true,\"valueName\":\"search_term_string\"}}],\"inLanguage\":\"en-US\"}]}<\/script>\n<!-- \/ Yoast SEO plugin. -->","yoast_head_json":{"title":"Programas de Sanaci\u00f3n Hol\u00edstica - European Healing Center","robots":{"index":"noindex","follow":"follow","max-snippet":"max-snippet:-1","max-image-preview":"max-image-preview:large","max-video-preview":"max-video-preview:-1"},"og_locale":"en_US","og_type":"article","og_title":"Programas de Sanaci\u00f3n Hol\u00edstica - European Healing Center","og_description":"Programas de Sanaci\u00f3n Hol\u00edstica Incorporar h\u00e1bitos saludables en la vida diaria es esencial para mejorar la salud f\u00edsica, mental y emocional. Al [&hellip;]","og_url":"https:\/\/european-healingcenter.com\/en\/programas-de-sanacion-holistica\/","og_site_name":"European Healing Center","article_modified_time":"2024-12-16T15:08:22+00:00","og_image":[{"url":"https:\/\/european-healingcenter.com\/wp-content\/uploads\/2024\/12\/09.jpg"}],"twitter_card":"summary_large_image","twitter_misc":{"Est. reading time":"2 minutes"},"schema":{"@context":"https:\/\/schema.org","@graph":[{"@type":"WebPage","@id":"https:\/\/european-healingcenter.com\/programas-de-sanacion-holistica\/","url":"https:\/\/european-healingcenter.com\/programas-de-sanacion-holistica\/","name":"Programas de Sanaci\u00f3n Hol\u00edstica - European Healing Center","isPartOf":{"@id":"https:\/\/european-healingcenter.com\/#website"},"primaryImageOfPage":{"@id":"https:\/\/european-healingcenter.com\/programas-de-sanacion-holistica\/#primaryimage"},"image":{"@id":"https:\/\/european-healingcenter.com\/programas-de-sanacion-holistica\/#primaryimage"},"thumbnailUrl":"https:\/\/european-healingcenter.com\/wp-content\/uploads\/2024\/12\/09.jpg","datePublished":"2024-12-16T14:51:27+00:00","dateModified":"2024-12-16T15:08:22+00:00","breadcrumb":{"@id":"https:\/\/european-healingcenter.com\/programas-de-sanacion-holistica\/#breadcrumb"},"inLanguage":"en-US","potentialAction":[{"@type":"ReadAction","target":["https:\/\/european-healingcenter.com\/programas-de-sanacion-holistica\/"]}]},{"@type":"ImageObject","inLanguage":"en-US","@id":"https:\/\/european-healingcenter.com\/programas-de-sanacion-holistica\/#primaryimage","url":"https:\/\/european-healingcenter.com\/wp-content\/uploads\/2024\/12\/09.jpg","contentUrl":"https:\/\/european-healingcenter.com\/wp-content\/uploads\/2024\/12\/09.jpg"},{"@type":"BreadcrumbList","@id":"https:\/\/european-healingcenter.com\/programas-de-sanacion-holistica\/#breadcrumb","itemListElement":[{"@type":"ListItem","position":1,"name":"Home","item":"https:\/\/european-healingcenter.com\/"},{"@type":"ListItem","position":2,"name":"Programas de Sanaci\u00f3n Hol\u00edstica"}]},{"@type":"WebSite","@id":"https:\/\/european-healingcenter.com\/#website","url":"https:\/\/european-healingcenter.com\/","name":"Centro Europeo de Curaci\u00f3n","description":"Centro Europeo de Curaci\u00f3n","potentialAction":[{"@type":"SearchAction","target":{"@type":"EntryPoint","urlTemplate":"https:\/\/european-healingcenter.com\/?s={search_term_string}"},"query-input":{"@type":"PropertyValueSpecification","valueRequired":true,"valueName":"search_term_string"}}],"inLanguage":"en-US"}]}},"_links":{"self":[{"href":"https:\/\/european-healingcenter.com\/en\/wp-json\/wp\/v2\/pages\/4516","targetHints":{"allow":["GET"]}}],"collection":[{"href":"https:\/\/european-healingcenter.com\/en\/wp-json\/wp\/v2\/pages"}],"about":[{"href":"https:\/\/european-healingcenter.com\/en\/wp-json\/wp\/v2\/types\/page"}],"author":[{"embeddable":true,"href":"https:\/\/european-healingcenter.com\/en\/wp-json\/wp\/v2\/users\/3"}],"replies":[{"embeddable":true,"href":"https:\/\/european-healingcenter.com\/en\/wp-json\/wp\/v2\/comments?post=4516"}],"version-history":[{"count":16,"href":"https:\/\/european-healingcenter.com\/en\/wp-json\/wp\/v2\/pages\/4516\/revisions"}],"predecessor-version":[{"id":4539,"href":"https:\/\/european-healingcenter.com\/en\/wp-json\/wp\/v2\/pages\/4516\/revisions\/4539"}],"wp:attachment":[{"href":"https:\/\/european-healingcenter.com\/en\/wp-json\/wp\/v2\/media?parent=4516"}],"curies":[{"name":"wp","href":"https:\/\/api.w.org\/{rel}","templated":true}]}}