{"id":4471,"date":"2024-12-16T13:39:34","date_gmt":"2024-12-16T13:39:34","guid":{"rendered":"https:\/\/european-healingcenter.com\/?page_id=4471"},"modified":"2024-12-16T13:45:41","modified_gmt":"2024-12-16T13:45:41","slug":"en-que-consiste-la-medicina-holistica","status":"publish","type":"page","link":"https:\/\/european-healingcenter.com\/en\/en-que-consiste-la-medicina-holistica\/","title":{"rendered":"What is Holistic Medicine?"},"content":{"rendered":"<div data-elementor-type=\"wp-page\" data-elementor-id=\"4471\" class=\"elementor elementor-4471\" data-elementor-post-type=\"page\">\n\t\t\t\t\t\t<section data-marvy_enable_drop_animation=\"false\" data-marvy_enable_fancy_rotate=\"false\" data-marvy_enable_flying_object=\"false\" data-marvy_enable_ripples_animation=\"false\" data-marvy_enable_waves_animation=\"false\" data-marvy_enable_rings_animation=\"false\" data-marvy_enable_topology_animation=\"false\" data-marvy_enable_gradient_animation=\"false\" data-marvy_enable_snow_animation=\"false\" data-marvy_enable_firework_animation=\"false\" data-marvy_enable_cloud_animation=\"false\" class=\"elementor-section elementor-top-section elementor-element elementor-element-9cb9b79 elementor-section-boxed elementor-section-height-default elementor-section-height-default jltma-glass-effect-no\" data-id=\"9cb9b79\" data-element_type=\"section\" data-e-type=\"section\" data-settings=\"{&quot;background_background&quot;:&quot;slideshow&quot;,&quot;background_slideshow_gallery&quot;:[{&quot;id&quot;:4482,&quot;url&quot;:&quot;https:\\\/\\\/european-healingcenter.com\\\/wp-content\\\/uploads\\\/2024\\\/12\\\/person-conducting-reiki-therapy-scaled.jpg&quot;}],&quot;background_slideshow_loop&quot;:&quot;yes&quot;,&quot;background_slideshow_slide_duration&quot;:5000,&quot;background_slideshow_slide_transition&quot;:&quot;fade&quot;,&quot;background_slideshow_transition_duration&quot;:500}\">\n\t\t\t\t\t\t\t<div class=\"elementor-background-overlay\"><\/div>\n\t\t\t\t\t\t\t<div class=\"elementor-container elementor-column-gap-default\">\n\t\t\t\t\t<div class=\"elementor-column elementor-col-100 elementor-top-column elementor-element elementor-element-3fc8f16 jltma-glass-effect-no\" data-id=\"3fc8f16\" data-element_type=\"column\" data-e-type=\"column\">\n\t\t\t<div class=\"elementor-widget-wrap elementor-element-populated\">\n\t\t\t\t\t\t<div class=\"elementor-element elementor-element-5a20ef8 jltma-glass-effect-no elementor-widget elementor-widget-spacer\" data-id=\"5a20ef8\" data-element_type=\"widget\" data-e-type=\"widget\" data-widget_type=\"spacer.default\">\n\t\t\t\t<div class=\"elementor-widget-container\">\n\t\t\t\t\t\t\t<div class=\"elementor-spacer\">\n\t\t\t<div class=\"elementor-spacer-inner\"><\/div>\n\t\t<\/div>\n\t\t\t\t\t\t<\/div>\n\t\t\t\t<\/div>\n\t\t\t\t<section data-marvy_enable_drop_animation=\"false\" data-marvy_enable_fancy_rotate=\"false\" data-marvy_enable_flying_object=\"false\" data-marvy_enable_ripples_animation=\"false\" data-marvy_enable_waves_animation=\"false\" data-marvy_enable_rings_animation=\"false\" data-marvy_enable_topology_animation=\"false\" data-marvy_enable_gradient_animation=\"false\" data-marvy_enable_snow_animation=\"false\" data-marvy_enable_firework_animation=\"false\" data-marvy_enable_cloud_animation=\"false\" class=\"elementor-section elementor-inner-section elementor-element elementor-element-ee9f4b4 elementor-section-boxed elementor-section-height-default elementor-section-height-default jltma-glass-effect-no\" data-id=\"ee9f4b4\" data-element_type=\"section\" data-e-type=\"section\">\n\t\t\t\t\t\t<div class=\"elementor-container elementor-column-gap-default\">\n\t\t\t\t\t<div class=\"elementor-column elementor-col-100 elementor-inner-column elementor-element elementor-element-a83d763 jltma-glass-effect-no\" data-id=\"a83d763\" data-element_type=\"column\" data-e-type=\"column\">\n\t\t\t<div class=\"elementor-widget-wrap elementor-element-populated\">\n\t\t\t\t\t\t<div class=\"elementor-element elementor-element-f4a1ceb jltma-glass-effect-no elementor-widget elementor-widget-spacer\" data-id=\"f4a1ceb\" data-element_type=\"widget\" data-e-type=\"widget\" data-widget_type=\"spacer.default\">\n\t\t\t\t<div class=\"elementor-widget-container\">\n\t\t\t\t\t\t\t<div class=\"elementor-spacer\">\n\t\t\t<div class=\"elementor-spacer-inner\"><\/div>\n\t\t<\/div>\n\t\t\t\t\t\t<\/div>\n\t\t\t\t<\/div>\n\t\t\t\t<div class=\"elementor-element elementor-element-9119cf6 jltma-glass-effect-no elementor-widget elementor-widget-heading\" data-id=\"9119cf6\" data-element_type=\"widget\" data-e-type=\"widget\" data-widget_type=\"heading.default\">\n\t\t\t\t<div class=\"elementor-widget-container\">\n\t\t\t\t\t<h2 class=\"elementor-heading-title elementor-size-default\">What is Holistic Medicine?<\/h2>\t\t\t\t<\/div>\n\t\t\t\t<\/div>\n\t\t\t\t<div class=\"elementor-element elementor-element-5e0fb1a jltma-glass-effect-no elementor-widget elementor-widget-spacer\" data-id=\"5e0fb1a\" data-element_type=\"widget\" data-e-type=\"widget\" data-widget_type=\"spacer.default\">\n\t\t\t\t<div class=\"elementor-widget-container\">\n\t\t\t\t\t\t\t<div class=\"elementor-spacer\">\n\t\t\t<div class=\"elementor-spacer-inner\"><\/div>\n\t\t<\/div>\n\t\t\t\t\t\t<\/div>\n\t\t\t\t<\/div>\n\t\t\t\t\t<\/div>\n\t\t<\/div>\n\t\t\t\t\t<\/div>\n\t\t<\/section>\n\t\t\t\t\t<\/div>\n\t\t<\/div>\n\t\t\t\t\t<\/div>\n\t\t<\/section>\n\t\t\t\t<section data-marvy_enable_drop_animation=\"false\" data-marvy_enable_fancy_rotate=\"false\" data-marvy_enable_flying_object=\"false\" data-marvy_enable_ripples_animation=\"false\" data-marvy_enable_waves_animation=\"false\" data-marvy_enable_rings_animation=\"false\" data-marvy_enable_topology_animation=\"false\" data-marvy_enable_gradient_animation=\"false\" data-marvy_enable_snow_animation=\"false\" data-marvy_enable_firework_animation=\"false\" data-marvy_enable_cloud_animation=\"false\" class=\"elementor-section elementor-top-section elementor-element elementor-element-ed96927 elementor-section-boxed elementor-section-height-default elementor-section-height-default jltma-glass-effect-no\" data-id=\"ed96927\" data-element_type=\"section\" data-e-type=\"section\" data-settings=\"{&quot;background_background&quot;:&quot;classic&quot;}\">\n\t\t\t\t\t\t<div class=\"elementor-container elementor-column-gap-default\">\n\t\t\t\t\t<div class=\"elementor-column elementor-col-100 elementor-top-column elementor-element elementor-element-4ab66be jltma-glass-effect-no\" data-id=\"4ab66be\" data-element_type=\"column\" data-e-type=\"column\">\n\t\t\t<div class=\"elementor-widget-wrap elementor-element-populated\">\n\t\t\t\t\t\t<div class=\"elementor-element elementor-element-d7e685f jltma-glass-effect-no elementor-widget elementor-widget-spacer\" data-id=\"d7e685f\" data-element_type=\"widget\" data-e-type=\"widget\" data-widget_type=\"spacer.default\">\n\t\t\t\t<div class=\"elementor-widget-container\">\n\t\t\t\t\t\t\t<div class=\"elementor-spacer\">\n\t\t\t<div class=\"elementor-spacer-inner\"><\/div>\n\t\t<\/div>\n\t\t\t\t\t\t<\/div>\n\t\t\t\t<\/div>\n\t\t\t\t\t<\/div>\n\t\t<\/div>\n\t\t\t\t\t<\/div>\n\t\t<\/section>\n\t\t\t\t<section data-marvy_enable_drop_animation=\"false\" data-marvy_enable_fancy_rotate=\"false\" data-marvy_enable_flying_object=\"false\" data-marvy_enable_ripples_animation=\"false\" data-marvy_enable_waves_animation=\"false\" data-marvy_enable_rings_animation=\"false\" data-marvy_enable_topology_animation=\"false\" data-marvy_enable_gradient_animation=\"false\" data-marvy_enable_snow_animation=\"false\" data-marvy_enable_firework_animation=\"false\" data-marvy_enable_cloud_animation=\"false\" class=\"elementor-section elementor-top-section elementor-element elementor-element-5191ec2 elementor-section-boxed elementor-section-height-default elementor-section-height-default jltma-glass-effect-no\" data-id=\"5191ec2\" data-element_type=\"section\" data-e-type=\"section\" data-settings=\"{&quot;background_background&quot;:&quot;classic&quot;}\">\n\t\t\t\t\t\t<div class=\"elementor-container elementor-column-gap-default\">\n\t\t\t\t\t<div class=\"elementor-column elementor-col-100 elementor-top-column elementor-element elementor-element-b4bdd59 jltma-glass-effect-no\" data-id=\"b4bdd59\" data-element_type=\"column\" data-e-type=\"column\">\n\t\t\t<div class=\"elementor-widget-wrap elementor-element-populated\">\n\t\t\t\t\t\t<section data-marvy_enable_drop_animation=\"false\" data-marvy_enable_fancy_rotate=\"false\" data-marvy_enable_flying_object=\"false\" data-marvy_enable_ripples_animation=\"false\" data-marvy_enable_waves_animation=\"false\" data-marvy_enable_rings_animation=\"false\" data-marvy_enable_topology_animation=\"false\" data-marvy_enable_gradient_animation=\"false\" data-marvy_enable_snow_animation=\"false\" data-marvy_enable_firework_animation=\"false\" data-marvy_enable_cloud_animation=\"false\" class=\"elementor-section elementor-inner-section elementor-element elementor-element-dd3b3e7 elementor-section-boxed elementor-section-height-default elementor-section-height-default jltma-glass-effect-no\" data-id=\"dd3b3e7\" data-element_type=\"section\" data-e-type=\"section\">\n\t\t\t\t\t\t<div class=\"elementor-container elementor-column-gap-default\">\n\t\t\t\t\t<div class=\"elementor-column elementor-col-50 elementor-inner-column elementor-element elementor-element-d2035d2 jltma-glass-effect-no\" data-id=\"d2035d2\" data-element_type=\"column\" data-e-type=\"column\">\n\t\t\t<div class=\"elementor-widget-wrap elementor-element-populated\">\n\t\t\t\t\t\t<div class=\"elementor-element elementor-element-c658a2f jltma-glass-effect-no elementor-widget elementor-widget-image\" data-id=\"c658a2f\" data-element_type=\"widget\" data-e-type=\"widget\" data-widget_type=\"image.default\">\n\t\t\t\t<div class=\"elementor-widget-container\">\n\t\t\t\t\t\t\t\t\t\t\t\t\t\t\t<img fetchpriority=\"high\" decoding=\"async\" width=\"500\" height=\"500\" src=\"https:\/\/european-healingcenter.com\/wp-content\/uploads\/2024\/12\/European-Healing-Center-11.jpg\" class=\"attachment-large size-large wp-image-4474\" alt=\"\" srcset=\"https:\/\/european-healingcenter.com\/wp-content\/uploads\/2024\/12\/European-Healing-Center-11.jpg 500w, https:\/\/european-healingcenter.com\/wp-content\/uploads\/2024\/12\/European-Healing-Center-11-300x300.jpg 300w, https:\/\/european-healingcenter.com\/wp-content\/uploads\/2024\/12\/European-Healing-Center-11-150x150.jpg 150w, https:\/\/european-healingcenter.com\/wp-content\/uploads\/2024\/12\/European-Healing-Center-11-12x12.jpg 12w\" sizes=\"(max-width: 500px) 100vw, 500px\" \/>\t\t\t\t\t\t\t\t\t\t\t\t\t\t\t<\/div>\n\t\t\t\t<\/div>\n\t\t\t\t\t<\/div>\n\t\t<\/div>\n\t\t\t\t<div class=\"elementor-column elementor-col-50 elementor-inner-column elementor-element elementor-element-26fdaa9 jltma-glass-effect-no\" data-id=\"26fdaa9\" data-element_type=\"column\" data-e-type=\"column\">\n\t\t\t<div class=\"elementor-widget-wrap elementor-element-populated\">\n\t\t\t\t\t\t<div class=\"elementor-element elementor-element-2e589da jltma-glass-effect-no elementor-widget elementor-widget-heading\" data-id=\"2e589da\" data-element_type=\"widget\" data-e-type=\"widget\" data-widget_type=\"heading.default\">\n\t\t\t\t<div class=\"elementor-widget-container\">\n\t\t\t\t\t<h2 class=\"elementor-heading-title elementor-size-default\">Our objective<\/h2>\t\t\t\t<\/div>\n\t\t\t\t<\/div>\n\t\t\t\t<div class=\"elementor-element elementor-element-6ca33ac jltma-glass-effect-no elementor-widget elementor-widget-text-editor\" data-id=\"6ca33ac\" data-element_type=\"widget\" data-e-type=\"widget\" data-widget_type=\"text-editor.default\">\n\t\t\t\t<div class=\"elementor-widget-container\">\n\t\t\t\t\t\t\t\t\t<p>The holistic medicine practice offers a holistic approach to assessing an individual's health, identifying the causes of illness and providing personalised treatment. This approach encompasses the physical, mental, emotional, spiritual, environmental and relational dimensions, using alternative, integrative and complementary medicines and therapies. The aim is to promote the recovery of health and to achieve the maximum possible wellbeing.<\/p>\t\t\t\t\t\t\t\t<\/div>\n\t\t\t\t<\/div>\n\t\t\t\t\t<\/div>\n\t\t<\/div>\n\t\t\t\t\t<\/div>\n\t\t<\/section>\n\t\t\t\t\t<\/div>\n\t\t<\/div>\n\t\t\t\t\t<\/div>\n\t\t<\/section>\n\t\t\t\t<\/div>","protected":false},"excerpt":{"rendered":"<p>\u00bfEn qu\u00e9 consiste la Medicina Hol\u00edstica? Nuestro objetivo La consulta de medicina hol\u00edstica ofrece un enfoque integral para evaluar la salud del [&hellip;]<\/p>","protected":false},"author":3,"featured_media":0,"parent":0,"menu_order":0,"comment_status":"closed","ping_status":"closed","template":"","meta":{"_monsterinsights_skip_tracking":false,"_monsterinsights_sitenote_active":false,"_monsterinsights_sitenote_note":"","_monsterinsights_sitenote_category":0,"footnotes":""},"class_list":["post-4471","page","type-page","status-publish","hentry"],"yoast_head":"<!-- This site is optimized with the Yoast SEO plugin v23.5 - https:\/\/yoast.com\/wordpress\/plugins\/seo\/ -->\n<title>\u00bfEn qu\u00e9 consiste la Medicina Hol\u00edstica? - European Healing Center<\/title>\n<meta name=\"robots\" content=\"noindex, follow, max-snippet:-1, max-image-preview:large, max-video-preview:-1\" \/>\n<meta property=\"og:locale\" content=\"en_US\" \/>\n<meta property=\"og:type\" content=\"article\" \/>\n<meta property=\"og:title\" content=\"\u00bfEn qu\u00e9 consiste la Medicina Hol\u00edstica? - European Healing Center\" \/>\n<meta property=\"og:description\" content=\"\u00bfEn qu\u00e9 consiste la Medicina Hol\u00edstica? Nuestro objetivo La consulta de medicina hol\u00edstica ofrece un enfoque integral para evaluar la salud del [&hellip;]\" \/>\n<meta property=\"og:url\" content=\"https:\/\/european-healingcenter.com\/en\/en-que-consiste-la-medicina-holistica\/\" \/>\n<meta property=\"og:site_name\" content=\"European Healing Center\" \/>\n<meta property=\"article:modified_time\" content=\"2024-12-16T13:45:41+00:00\" \/>\n<meta property=\"og:image\" content=\"https:\/\/european-healingcenter.com\/wp-content\/uploads\/2024\/12\/European-Healing-Center-11.jpg\" \/>\n<meta name=\"twitter:card\" content=\"summary_large_image\" \/>\n<meta name=\"twitter:label1\" content=\"Est. reading time\" \/>\n\t<meta name=\"twitter:data1\" content=\"1 minute\" \/>\n<script type=\"application\/ld+json\" class=\"yoast-schema-graph\">{\"@context\":\"https:\/\/schema.org\",\"@graph\":[{\"@type\":\"WebPage\",\"@id\":\"https:\/\/european-healingcenter.com\/en-que-consiste-la-medicina-holistica\/\",\"url\":\"https:\/\/european-healingcenter.com\/en-que-consiste-la-medicina-holistica\/\",\"name\":\"\u00bfEn qu\u00e9 consiste la Medicina Hol\u00edstica? - European Healing Center\",\"isPartOf\":{\"@id\":\"https:\/\/european-healingcenter.com\/#website\"},\"primaryImageOfPage\":{\"@id\":\"https:\/\/european-healingcenter.com\/en-que-consiste-la-medicina-holistica\/#primaryimage\"},\"image\":{\"@id\":\"https:\/\/european-healingcenter.com\/en-que-consiste-la-medicina-holistica\/#primaryimage\"},\"thumbnailUrl\":\"https:\/\/european-healingcenter.com\/wp-content\/uploads\/2024\/12\/European-Healing-Center-11.jpg\",\"datePublished\":\"2024-12-16T13:39:34+00:00\",\"dateModified\":\"2024-12-16T13:45:41+00:00\",\"breadcrumb\":{\"@id\":\"https:\/\/european-healingcenter.com\/en-que-consiste-la-medicina-holistica\/#breadcrumb\"},\"inLanguage\":\"en-US\",\"potentialAction\":[{\"@type\":\"ReadAction\",\"target\":[\"https:\/\/european-healingcenter.com\/en-que-consiste-la-medicina-holistica\/\"]}]},{\"@type\":\"ImageObject\",\"inLanguage\":\"en-US\",\"@id\":\"https:\/\/european-healingcenter.com\/en-que-consiste-la-medicina-holistica\/#primaryimage\",\"url\":\"https:\/\/european-healingcenter.com\/wp-content\/uploads\/2024\/12\/European-Healing-Center-11.jpg\",\"contentUrl\":\"https:\/\/european-healingcenter.com\/wp-content\/uploads\/2024\/12\/European-Healing-Center-11.jpg\"},{\"@type\":\"BreadcrumbList\",\"@id\":\"https:\/\/european-healingcenter.com\/en-que-consiste-la-medicina-holistica\/#breadcrumb\",\"itemListElement\":[{\"@type\":\"ListItem\",\"position\":1,\"name\":\"Home\",\"item\":\"https:\/\/european-healingcenter.com\/\"},{\"@type\":\"ListItem\",\"position\":2,\"name\":\"\u00bfEn qu\u00e9 consiste la Medicina Hol\u00edstica?\"}]},{\"@type\":\"WebSite\",\"@id\":\"https:\/\/european-healingcenter.com\/#website\",\"url\":\"https:\/\/european-healingcenter.com\/\",\"name\":\"European Healing Center\",\"description\":\"European Healing Center\",\"potentialAction\":[{\"@type\":\"SearchAction\",\"target\":{\"@type\":\"EntryPoint\",\"urlTemplate\":\"https:\/\/european-healingcenter.com\/?s={search_term_string}\"},\"query-input\":{\"@type\":\"PropertyValueSpecification\",\"valueRequired\":true,\"valueName\":\"search_term_string\"}}],\"inLanguage\":\"en-US\"}]}<\/script>\n<!-- \/ Yoast SEO plugin. -->","yoast_head_json":{"title":"\u00bfEn qu\u00e9 consiste la Medicina Hol\u00edstica? - European Healing Center","robots":{"index":"noindex","follow":"follow","max-snippet":"max-snippet:-1","max-image-preview":"max-image-preview:large","max-video-preview":"max-video-preview:-1"},"og_locale":"en_US","og_type":"article","og_title":"\u00bfEn qu\u00e9 consiste la Medicina Hol\u00edstica? - European Healing Center","og_description":"\u00bfEn qu\u00e9 consiste la Medicina Hol\u00edstica? Nuestro objetivo La consulta de medicina hol\u00edstica ofrece un enfoque integral para evaluar la salud del [&hellip;]","og_url":"https:\/\/european-healingcenter.com\/en\/en-que-consiste-la-medicina-holistica\/","og_site_name":"European Healing Center","article_modified_time":"2024-12-16T13:45:41+00:00","og_image":[{"url":"https:\/\/european-healingcenter.com\/wp-content\/uploads\/2024\/12\/European-Healing-Center-11.jpg"}],"twitter_card":"summary_large_image","twitter_misc":{"Est. reading time":"1 minute"},"schema":{"@context":"https:\/\/schema.org","@graph":[{"@type":"WebPage","@id":"https:\/\/european-healingcenter.com\/en-que-consiste-la-medicina-holistica\/","url":"https:\/\/european-healingcenter.com\/en-que-consiste-la-medicina-holistica\/","name":"\u00bfEn qu\u00e9 consiste la Medicina Hol\u00edstica? - European Healing Center","isPartOf":{"@id":"https:\/\/european-healingcenter.com\/#website"},"primaryImageOfPage":{"@id":"https:\/\/european-healingcenter.com\/en-que-consiste-la-medicina-holistica\/#primaryimage"},"image":{"@id":"https:\/\/european-healingcenter.com\/en-que-consiste-la-medicina-holistica\/#primaryimage"},"thumbnailUrl":"https:\/\/european-healingcenter.com\/wp-content\/uploads\/2024\/12\/European-Healing-Center-11.jpg","datePublished":"2024-12-16T13:39:34+00:00","dateModified":"2024-12-16T13:45:41+00:00","breadcrumb":{"@id":"https:\/\/european-healingcenter.com\/en-que-consiste-la-medicina-holistica\/#breadcrumb"},"inLanguage":"en-US","potentialAction":[{"@type":"ReadAction","target":["https:\/\/european-healingcenter.com\/en-que-consiste-la-medicina-holistica\/"]}]},{"@type":"ImageObject","inLanguage":"en-US","@id":"https:\/\/european-healingcenter.com\/en-que-consiste-la-medicina-holistica\/#primaryimage","url":"https:\/\/european-healingcenter.com\/wp-content\/uploads\/2024\/12\/European-Healing-Center-11.jpg","contentUrl":"https:\/\/european-healingcenter.com\/wp-content\/uploads\/2024\/12\/European-Healing-Center-11.jpg"},{"@type":"BreadcrumbList","@id":"https:\/\/european-healingcenter.com\/en-que-consiste-la-medicina-holistica\/#breadcrumb","itemListElement":[{"@type":"ListItem","position":1,"name":"Home","item":"https:\/\/european-healingcenter.com\/"},{"@type":"ListItem","position":2,"name":"\u00bfEn qu\u00e9 consiste la Medicina Hol\u00edstica?"}]},{"@type":"WebSite","@id":"https:\/\/european-healingcenter.com\/#website","url":"https:\/\/european-healingcenter.com\/","name":"Centro Europeo de Curaci\u00f3n","description":"Centro Europeo de Curaci\u00f3n","potentialAction":[{"@type":"SearchAction","target":{"@type":"EntryPoint","urlTemplate":"https:\/\/european-healingcenter.com\/?s={search_term_string}"},"query-input":{"@type":"PropertyValueSpecification","valueRequired":true,"valueName":"search_term_string"}}],"inLanguage":"en-US"}]}},"_links":{"self":[{"href":"https:\/\/european-healingcenter.com\/en\/wp-json\/wp\/v2\/pages\/4471","targetHints":{"allow":["GET"]}}],"collection":[{"href":"https:\/\/european-healingcenter.com\/en\/wp-json\/wp\/v2\/pages"}],"about":[{"href":"https:\/\/european-healingcenter.com\/en\/wp-json\/wp\/v2\/types\/page"}],"author":[{"embeddable":true,"href":"https:\/\/european-healingcenter.com\/en\/wp-json\/wp\/v2\/users\/3"}],"replies":[{"embeddable":true,"href":"https:\/\/european-healingcenter.com\/en\/wp-json\/wp\/v2\/comments?post=4471"}],"version-history":[{"count":10,"href":"https:\/\/european-healingcenter.com\/en\/wp-json\/wp\/v2\/pages\/4471\/revisions"}],"predecessor-version":[{"id":4485,"href":"https:\/\/european-healingcenter.com\/en\/wp-json\/wp\/v2\/pages\/4471\/revisions\/4485"}],"wp:attachment":[{"href":"https:\/\/european-healingcenter.com\/en\/wp-json\/wp\/v2\/media?parent=4471"}],"curies":[{"name":"wp","href":"https:\/\/api.w.org\/{rel}","templated":true}]}}